{"id":1201,"date":"2020-08-14T12:39:39","date_gmt":"2020-08-14T10:39:39","guid":{"rendered":"http:\/\/www.daianacampaini.com\/?page_id=1201"},"modified":"2020-10-03T09:29:53","modified_gmt":"2020-10-03T07:29:53","slug":"reading","status":"publish","type":"page","link":"https:\/\/www.daianacampaini.com\/it\/reading\/","title":{"rendered":"Reading"},"content":{"rendered":"<div class=\"wpb-content-wrapper\"><p>[vc_row heading_color=&#8221;primary-1&#8243; header_feature=&#8221;yes&#8221; padding_top=&#8221;40&#8243; padding_bottom=&#8221;40&#8243;][vc_column]<div class=\"grve-element grve-image grve-align-center\" style=\"margin-bottom: 20px;\"><img loading=\"lazy\" decoding=\"async\" width=\"60\" height=\"46\" src=\"https:\/\/www.daianacampaini.com\/wp-content\/uploads\/2020\/08\/triskele-4.png\" class=\"attachment-full size-full\" alt=\"\" srcset=\"https:\/\/www.daianacampaini.com\/wp-content\/uploads\/2020\/08\/triskele-4.png 1x,https:\/\/www.daianacampaini.com\/wp-content\/uploads\/2020\/08\/triskele-4.png 2x\" \/><\/div>[vc_column_text css=&#8221;.vc_custom_1597514766061{margin-bottom: 20px !important;}&#8221;]<\/p>\n<h2 style=\"text-align: center;\">Reading<\/h2>\n<p>[\/vc_column_text][vc_column_text]<\/p>\n<p style=\"text-align: justify;\">I Reading sono \u201cletture della realt\u00e0 in chiave energetico-spirituale\u201d. Sono l\u2019insieme delle informazioni che ricevo quando chiedo una connessione pi\u00f9 forte col mondo invisibile e con le Guide. Questo consente di avere accesso a un piano pi\u00f9 alto di realt\u00e0. Niente avviene per caso. Non sono casuali gli incontri, gli avvenimenti, il luogo in cui viviamo, i genitori o i fratelli che abbiamo, non sono casuali le relazioni che intessiamo. Tutto ha un obiettivo preciso, fissato molto tempo prima di incarnarsi sulla Terra, poi, durante la discesa, molte cose vengono dimenticate, il nostro sguardo sulle cose, le nostre intenzioni, tutto viene avvolto da una coltre di nebbia e non resta quasi pi\u00f9 niente degli antichi propositi e patti d\u2019alleanza che stringiamo con le altre Anime che scendono con noi. Non ricordiamo pi\u00f9 e non sappiamo pi\u00f9 \u201cleggere gli altri n\u00e9 le situazioni intorno\u201d. I Readings servono appunto a questo, sono letture dei campi energetici propri ed altrui per vedere la nostra realt\u00e0 e le nostre relazioni per quello che veramente sono: strumenti d\u2019evoluzione spirituale per ricordare chi siamo.<\/p>\n<p>[\/vc_column_text][\/vc_column][\/vc_row][vc_row heading_color=&#8221;primary-1&#8243; flex_height=&#8221;yes&#8221; middle_content=&#8221;yes&#8221; padding_bottom=&#8221;40&#8243;][vc_column width=&#8221;1\/2&#8243;]<div class=\"grve-element grve-image grve-align-center\" style=\"\"><img loading=\"lazy\" decoding=\"async\" width=\"647\" height=\"350\" src=\"https:\/\/www.daianacampaini.com\/wp-content\/uploads\/2020\/09\/reading-daiana-campaini-terapeute-energitique-13.jpg\" class=\"attachment-full size-full\" alt=\"\" srcset=\"https:\/\/www.daianacampaini.com\/wp-content\/uploads\/2020\/09\/reading-daiana-campaini-terapeute-energitique-13.jpg 1x,https:\/\/www.daianacampaini.com\/wp-content\/uploads\/2020\/09\/reading-daiana-campaini-terapeute-energitique-13.jpg 2x\" \/><\/div>[\/vc_column][vc_column width=&#8221;1\/2&#8243;][vc_column_text css=&#8221;.vc_custom_1600800012361{margin-bottom: 20px !important;}&#8221;]<\/p>\n<h2 style=\"text-align: left;\">Consigliato in caso di:<\/h2>\n<p>[\/vc_column_text]<div class=\"grve-element grve-list grve-list-check \" style=\"\"><ul>\n<li>Preoccupazioni o mancanza di lucidit\u00e0 legata a persone, relazioni, situazioni<\/li>\n<li>Dubbi sul futuro (lavorativo, di orientamento scolastico, ecc)<\/li>\n<li>Praticato a distanza<\/li>\n<\/ul>\n<\/div>[\/vc_column][\/vc_row][vc_row heading_color=&#8221;primary-1&#8243; padding_bottom=&#8221;40&#8243; margin_bottom=&#8221;0&#8243;][vc_column width=&#8221;1\/2&#8243;]<div class=\"grve-element grve-image grve-align-center\" style=\"margin-bottom: 20px;\"><img loading=\"lazy\" decoding=\"async\" width=\"60\" height=\"46\" src=\"https:\/\/www.daianacampaini.com\/wp-content\/uploads\/2020\/08\/triskele-4.png\" class=\"attachment-full size-full\" alt=\"\" srcset=\"https:\/\/www.daianacampaini.com\/wp-content\/uploads\/2020\/08\/triskele-4.png 1x,https:\/\/www.daianacampaini.com\/wp-content\/uploads\/2020\/08\/triskele-4.png 2x\" \/><\/div>[vc_column_text css=&#8221;.vc_custom_1597514786370{margin-bottom: 20px !important;}&#8221;]<\/p>\n<h2 style=\"text-align: center;\">Come utilizzo il Reading<\/h2>\n<p>[\/vc_column_text][vc_column_text]<\/p>\n<p style=\"text-align: justify;\">Come tutti gli altri strumenti del mio lavoro il dono della \u201clettura\u201d\u00a0 \u00e8 usato solo a scopi evolutivi. Non praticher\u00f2 dunque Reading per scopi non etici, che ledono i diritti degli altri o per mera curiosit\u00e0.<\/p>\n<p>[\/vc_column_text][\/vc_column][vc_column width=&#8221;1\/2&#8243;]<div class=\"grve-element grve-image grve-align-center\" style=\"margin-bottom: 20px;\"><img loading=\"lazy\" decoding=\"async\" width=\"60\" height=\"46\" src=\"https:\/\/www.daianacampaini.com\/wp-content\/uploads\/2020\/08\/triskele-4.png\" class=\"attachment-full size-full\" alt=\"\" srcset=\"https:\/\/www.daianacampaini.com\/wp-content\/uploads\/2020\/08\/triskele-4.png 1x,https:\/\/www.daianacampaini.com\/wp-content\/uploads\/2020\/08\/triskele-4.png 2x\" \/><\/div>[vc_column_text css=&#8221;.vc_custom_1597514793985{margin-bottom: 20px !important;}&#8221;]<\/p>\n<h2 style=\"text-align: center;\">Come si svolge la sessione<\/h2>\n<p>[\/vc_column_text][vc_column_text]La seduta si svolge a distanza, con una telefonata. Potrete inviarmi foto di voi o di altri, ed io vi narrer\u00f2 tutto quello che la connessione col mondo invisibile mi permette di vedere. Le informazioni saranno di vario genere ed alla fine della lettura sar\u00f2 ben lieta di rispondere alle vostre domande.[\/vc_column_text][\/vc_column][\/vc_row][vc_row][vc_column]<div class=\"grve-element grve-align-center\"><a class=\"grve-btn grve-btn-extrasmall grve-extra-round grve-bg-primary-1 grve-btn-line\" href=\"http:\/\/www.daianacampaini.com\/it\/contattami\/\" target=\"_self\" style=\"margin-bottom: 0px;\"><span>richiedi informazioni<\/span><\/a><\/div>[\/vc_column][\/vc_row][vc_row footer_feature=&#8221;yes&#8221; padding_top=&#8221;0&#8243; padding_bottom=&#8221;0&#8243; margin_bottom=&#8221;0&#8243;][vc_column]<div class=\"grve-element grve-image grve-align-center\" style=\"margin-bottom: 0px;\"><img loading=\"lazy\" decoding=\"async\" width=\"1298\" height=\"134\" src=\"https:\/\/www.daianacampaini.com\/wp-content\/uploads\/2020\/08\/backgroungleaves2.jpg\" class=\"attachment-full size-full\" alt=\"\" srcset=\"https:\/\/www.daianacampaini.com\/wp-content\/uploads\/2020\/08\/backgroungleaves2.jpg 1x,https:\/\/www.daianacampaini.com\/wp-content\/uploads\/2020\/08\/backgroungleaves2.jpg 2x\" \/><\/div>[\/vc_column][\/vc_row]<\/p>\n<\/div>","protected":false},"excerpt":{"rendered":"<p>[vc_row heading_color=&#8221;primary-1&#8243; header_feature=&#8221;yes&#8221; padding_top=&#8221;40&#8243; padding_bottom=&#8221;40&#8243;][vc_column][vc_column_text css=&#8221;.vc_custom_1597514766061{margin-bottom: 20px !important;}&#8221;] Reading [\/vc_column_text][vc_column_text] I Reading sono \u201cletture della realt\u00e0 in chiave energetico-spirituale\u201d. Sono l\u2019insieme delle informazioni che ricevo quando chiedo una connessione pi\u00f9 forte col mondo invisibile e con le Guide. Questo consente di avere accesso a un piano pi\u00f9 alto di realt\u00e0. Niente avviene per caso. Non [&hellip;]<\/p>\n","protected":false},"author":3,"featured_media":0,"parent":0,"menu_order":0,"comment_status":"closed","ping_status":"open","template":"","meta":{"footnotes":""},"class_list":["post-1201","page","type-page","status-publish","hentry"],"yoast_head":"<!-- This site is optimized with the Yoast SEO plugin v27.4 - https:\/\/yoast.com\/product\/yoast-seo-wordpress\/ -->\n<title>Reading - Daiana Campaini Operatrice Olistica - Menton, France<\/title>\n<meta name=\"description\" content=\"I Reading sono \u201cletture della realt\u00e0 in chiave energetico-spirituale\u201d. Sono l\u2019insieme delle informazioni che ricevo quando chiedo una connessione pi\u00f9 forte col mondo invisibile e con le Guide.\" \/>\n<meta name=\"robots\" content=\"index, follow, max-snippet:-1, max-image-preview:large, max-video-preview:-1\" \/>\n<link rel=\"canonical\" href=\"https:\/\/www.daianacampaini.com\/it\/reading\/\" \/>\n<meta property=\"og:locale\" content=\"it_IT\" \/>\n<meta property=\"og:type\" content=\"article\" \/>\n<meta property=\"og:title\" content=\"Reading - Daiana Campaini Operatrice Olistica - Menton, France\" \/>\n<meta property=\"og:description\" content=\"I Reading sono \u201cletture della realt\u00e0 in chiave energetico-spirituale\u201d. Sono l\u2019insieme delle informazioni che ricevo quando chiedo una connessione pi\u00f9 forte col mondo invisibile e con le Guide.\" \/>\n<meta property=\"og:url\" content=\"https:\/\/www.daianacampaini.com\/it\/reading\/\" \/>\n<meta property=\"og:site_name\" content=\"Daiana Campaini\" \/>\n<meta property=\"article:publisher\" content=\"https:\/\/www.facebook.com\/daianacampainioperatriceolistica\" \/>\n<meta property=\"article:modified_time\" content=\"2020-10-03T07:29:53+00:00\" \/>\n<meta name=\"twitter:card\" content=\"summary_large_image\" \/>\n<meta name=\"twitter:label1\" content=\"Tempo di lettura stimato\" \/>\n\t<meta name=\"twitter:data1\" content=\"3 minuti\" \/>\n<script type=\"application\/ld+json\" class=\"yoast-schema-graph\">{\"@context\":\"https:\\\/\\\/schema.org\",\"@graph\":[{\"@type\":\"WebPage\",\"@id\":\"https:\\\/\\\/www.daianacampaini.com\\\/it\\\/reading\\\/\",\"url\":\"https:\\\/\\\/www.daianacampaini.com\\\/it\\\/reading\\\/\",\"name\":\"Reading - Daiana Campaini Operatrice Olistica - Menton, France\",\"isPartOf\":{\"@id\":\"https:\\\/\\\/www.daianacampaini.com\\\/it\\\/#website\"},\"datePublished\":\"2020-08-14T10:39:39+00:00\",\"dateModified\":\"2020-10-03T07:29:53+00:00\",\"description\":\"I Reading sono \u201cletture della realt\u00e0 in chiave energetico-spirituale\u201d. Sono l\u2019insieme delle informazioni che ricevo quando chiedo una connessione pi\u00f9 forte col mondo invisibile e con le Guide.\",\"breadcrumb\":{\"@id\":\"https:\\\/\\\/www.daianacampaini.com\\\/it\\\/reading\\\/#breadcrumb\"},\"inLanguage\":\"it-IT\",\"potentialAction\":[{\"@type\":\"ReadAction\",\"target\":[\"https:\\\/\\\/www.daianacampaini.com\\\/it\\\/reading\\\/\"]}]},{\"@type\":\"BreadcrumbList\",\"@id\":\"https:\\\/\\\/www.daianacampaini.com\\\/it\\\/reading\\\/#breadcrumb\",\"itemListElement\":[{\"@type\":\"ListItem\",\"position\":1,\"name\":\"Home\",\"item\":\"https:\\\/\\\/www.daianacampaini.com\\\/it\\\/\"},{\"@type\":\"ListItem\",\"position\":2,\"name\":\"Reading\"}]},{\"@type\":\"WebSite\",\"@id\":\"https:\\\/\\\/www.daianacampaini.com\\\/it\\\/#website\",\"url\":\"https:\\\/\\\/www.daianacampaini.com\\\/it\\\/\",\"name\":\"Daiana Campaini\",\"description\":\"Operatrice Olistica\",\"potentialAction\":[{\"@type\":\"SearchAction\",\"target\":{\"@type\":\"EntryPoint\",\"urlTemplate\":\"https:\\\/\\\/www.daianacampaini.com\\\/it\\\/?s={search_term_string}\"},\"query-input\":{\"@type\":\"PropertyValueSpecification\",\"valueRequired\":true,\"valueName\":\"search_term_string\"}}],\"inLanguage\":\"it-IT\"}]}<\/script>\n<!-- \/ Yoast SEO plugin. -->","yoast_head_json":{"title":"Reading - Daiana Campaini Operatrice Olistica - Menton, France","description":"I Reading sono \u201cletture della realt\u00e0 in chiave energetico-spirituale\u201d. Sono l\u2019insieme delle informazioni che ricevo quando chiedo una connessione pi\u00f9 forte col mondo invisibile e con le Guide.","robots":{"index":"index","follow":"follow","max-snippet":"max-snippet:-1","max-image-preview":"max-image-preview:large","max-video-preview":"max-video-preview:-1"},"canonical":"https:\/\/www.daianacampaini.com\/it\/reading\/","og_locale":"it_IT","og_type":"article","og_title":"Reading - Daiana Campaini Operatrice Olistica - Menton, France","og_description":"I Reading sono \u201cletture della realt\u00e0 in chiave energetico-spirituale\u201d. Sono l\u2019insieme delle informazioni che ricevo quando chiedo una connessione pi\u00f9 forte col mondo invisibile e con le Guide.","og_url":"https:\/\/www.daianacampaini.com\/it\/reading\/","og_site_name":"Daiana Campaini","article_publisher":"https:\/\/www.facebook.com\/daianacampainioperatriceolistica","article_modified_time":"2020-10-03T07:29:53+00:00","twitter_card":"summary_large_image","twitter_misc":{"Tempo di lettura stimato":"3 minuti"},"schema":{"@context":"https:\/\/schema.org","@graph":[{"@type":"WebPage","@id":"https:\/\/www.daianacampaini.com\/it\/reading\/","url":"https:\/\/www.daianacampaini.com\/it\/reading\/","name":"Reading - Daiana Campaini Operatrice Olistica - Menton, France","isPartOf":{"@id":"https:\/\/www.daianacampaini.com\/it\/#website"},"datePublished":"2020-08-14T10:39:39+00:00","dateModified":"2020-10-03T07:29:53+00:00","description":"I Reading sono \u201cletture della realt\u00e0 in chiave energetico-spirituale\u201d. Sono l\u2019insieme delle informazioni che ricevo quando chiedo una connessione pi\u00f9 forte col mondo invisibile e con le Guide.","breadcrumb":{"@id":"https:\/\/www.daianacampaini.com\/it\/reading\/#breadcrumb"},"inLanguage":"it-IT","potentialAction":[{"@type":"ReadAction","target":["https:\/\/www.daianacampaini.com\/it\/reading\/"]}]},{"@type":"BreadcrumbList","@id":"https:\/\/www.daianacampaini.com\/it\/reading\/#breadcrumb","itemListElement":[{"@type":"ListItem","position":1,"name":"Home","item":"https:\/\/www.daianacampaini.com\/it\/"},{"@type":"ListItem","position":2,"name":"Reading"}]},{"@type":"WebSite","@id":"https:\/\/www.daianacampaini.com\/it\/#website","url":"https:\/\/www.daianacampaini.com\/it\/","name":"Daiana Campaini","description":"Operatrice Olistica","potentialAction":[{"@type":"SearchAction","target":{"@type":"EntryPoint","urlTemplate":"https:\/\/www.daianacampaini.com\/it\/?s={search_term_string}"},"query-input":{"@type":"PropertyValueSpecification","valueRequired":true,"valueName":"search_term_string"}}],"inLanguage":"it-IT"}]}},"_links":{"self":[{"href":"https:\/\/www.daianacampaini.com\/it\/wp-json\/wp\/v2\/pages\/1201","targetHints":{"allow":["GET"]}}],"collection":[{"href":"https:\/\/www.daianacampaini.com\/it\/wp-json\/wp\/v2\/pages"}],"about":[{"href":"https:\/\/www.daianacampaini.com\/it\/wp-json\/wp\/v2\/types\/page"}],"author":[{"embeddable":true,"href":"https:\/\/www.daianacampaini.com\/it\/wp-json\/wp\/v2\/users\/3"}],"replies":[{"embeddable":true,"href":"https:\/\/www.daianacampaini.com\/it\/wp-json\/wp\/v2\/comments?post=1201"}],"version-history":[{"count":37,"href":"https:\/\/www.daianacampaini.com\/it\/wp-json\/wp\/v2\/pages\/1201\/revisions"}],"predecessor-version":[{"id":1929,"href":"https:\/\/www.daianacampaini.com\/it\/wp-json\/wp\/v2\/pages\/1201\/revisions\/1929"}],"wp:attachment":[{"href":"https:\/\/www.daianacampaini.com\/it\/wp-json\/wp\/v2\/media?parent=1201"}],"curies":[{"name":"wp","href":"https:\/\/api.w.org\/{rel}","templated":true}]}}