{"id":50,"date":"2016-06-17T12:16:11","date_gmt":"2016-06-17T10:16:11","guid":{"rendered":"http:\/\/www.daianacampaini.com\/?page_id=50"},"modified":"2020-10-03T09:28:47","modified_gmt":"2020-10-03T07:28:47","slug":"matrix-2-point","status":"publish","type":"page","link":"https:\/\/www.daianacampaini.com\/it\/matrix-2-point\/","title":{"rendered":"Matrix-2-Point"},"content":{"rendered":"<div class=\"wpb-content-wrapper\"><p>[vc_row heading_color=&#8221;primary-1&#8243; header_feature=&#8221;yes&#8221; padding_top=&#8221;40&#8243; margin_bottom=&#8221;0&#8243;][vc_column]<div class=\"grve-element grve-image grve-align-center\" style=\"margin-bottom: 20px;\"><img loading=\"lazy\" decoding=\"async\" width=\"60\" height=\"46\" src=\"https:\/\/www.daianacampaini.com\/wp-content\/uploads\/2020\/08\/triskele-4.png\" class=\"attachment-full size-full\" alt=\"\" srcset=\"https:\/\/www.daianacampaini.com\/wp-content\/uploads\/2020\/08\/triskele-4.png 1x,https:\/\/www.daianacampaini.com\/wp-content\/uploads\/2020\/08\/triskele-4.png 2x\" \/><\/div>[vc_column_text]<\/p>\n<h2 style=\"text-align: center;\">Matrix-2-Point<\/h2>\n<p>[\/vc_column_text][\/vc_column][\/vc_row][vc_row heading_color=&#8221;primary-1&#8243; margin_bottom=&#8221;0&#8243; padding_bottom=&#8221;40&#8243;][vc_column css=&#8221;.vc_custom_1597428961958{padding-right: 30px !important;}&#8221;][vc_column_text]<\/p>\n<p style=\"text-align: justify;\">Questa tecnica \u00e8 un\u2019applicazione pratica della fisica quantistica secondo la quale ogni realt\u00e0 pu\u00f2 essere descritta come energia o vibrazione perch\u00e9 tutto \u00e8 luce e informazione. Nel campo quantico collassa la vecchia realt\u00e0 e nuove possibilit\u00e0 si manifestano istantaneamente. Si tratta di una nuovissima tecnica occidentale che garantisce risultati tangibili per la risoluzione di problemi sia fisici che emozionali sin dalla prima sessione. La caratteristica del metodo \u00e8 il collegamento simultaneo di due punti tramite l\u2019intenzione e la consapevolezza dell\u2019operatore. I due punti in questione sono: uno sul corpo della persona (quindi nel suo campo energetico) ed uno all\u2019interno della Matrix (quindi nel campo delle infinite possibilit\u00e0). Questo collegamento fa s\u00ec che l\u2019informazione possa passare da un punto all\u2019altro, arricchendo cos\u00ec di nuove, utilissime informazioni il campo energetico personale dell\u2019individuo che si sottopone alla seduta.<\/p>\n<p>[\/vc_column_text][\/vc_column][\/vc_row][vc_row heading_color=&#8221;primary-1&#8243; flex_height=&#8221;yes&#8221; middle_content=&#8221;yes&#8221; padding_top=&#8221;30&#8243; margin_bottom=&#8221;0&#8243; padding_bottom=&#8221;40&#8243;][vc_column width=&#8221;1\/2&#8243;]<div class=\"grve-element grve-image grve-align-right\" style=\"\"><img loading=\"lazy\" decoding=\"async\" width=\"350\" height=\"314\" src=\"https:\/\/www.daianacampaini.com\/wp-content\/uploads\/2020\/09\/matrix-2-point-daiana-campaini-2.jpg\" class=\"attachment-full size-full\" alt=\"\" srcset=\"https:\/\/www.daianacampaini.com\/wp-content\/uploads\/2020\/09\/matrix-2-point-daiana-campaini-2.jpg 1x,https:\/\/www.daianacampaini.com\/wp-content\/uploads\/2020\/09\/matrix-2-point-daiana-campaini-2.jpg 2x\" \/><\/div>[\/vc_column][vc_column width=&#8221;1\/2&#8243;][vc_column_text css=&#8221;.vc_custom_1600796019744{margin-bottom: 20px !important;}&#8221;]<\/p>\n<h3 style=\"text-align: left;\">Consigliato in caso di:<\/h3>\n<p>[\/vc_column_text]<div class=\"grve-element grve-list grve-list-check \" style=\"\"><ul>\n<li>Obiettivi da raggiungere<\/li>\n<li>Voglia di nuovo e di cambiamento<\/li>\n<li>Situazioni stagnanti dalle quali si ha necessit\u00e0 di uscire rapidamente<\/li>\n<li>Trattamento possibile anche a distanza<\/li>\n<\/ul>\n<\/div>[\/vc_column][\/vc_row][vc_row heading_color=&#8221;primary-1&#8243; padding_top=&#8221;30&#8243; padding_bottom=&#8221;20&#8243;][vc_column width=&#8221;1\/2&#8243;]<div class=\"grve-element grve-image grve-align-center\" style=\"margin-bottom: 20px;\"><img loading=\"lazy\" decoding=\"async\" width=\"60\" height=\"46\" src=\"https:\/\/www.daianacampaini.com\/wp-content\/uploads\/2020\/08\/triskele-4.png\" class=\"attachment-full size-full\" alt=\"\" srcset=\"https:\/\/www.daianacampaini.com\/wp-content\/uploads\/2020\/08\/triskele-4.png 1x,https:\/\/www.daianacampaini.com\/wp-content\/uploads\/2020\/08\/triskele-4.png 2x\" \/><\/div>[vc_column_text css=&#8221;.vc_custom_1598279797853{margin-bottom: 20px !important;}&#8221;]<\/p>\n<h3 style=\"text-align: center;\">Come utilizzo Matrix<\/h3>\n<p>[\/vc_column_text][vc_column_text]<\/p>\n<p style=\"text-align: justify;\">Matrix-2-Point \u00e8 lo strumento che utilizzo per abbattere i muri delle cattive abitudini e per disinnescare schemi comportamentali consolidati che scattano automaticamente senza darci il tempo di vedere che proprio l\u00ec, in quel punto esatto dell\u2019esistenza, potrebbero aprirsi altre strade percorribili, che danno accesso a nuovi scenari.<strong><br \/>\n<\/strong>Per questo come primo incontro consiglio un trattamento Reiki, esso mi consente di &#8220;vedere&#8221;, per poter poi meglio \u201cselezionare\u201d le informazioni con cui integrare il campo energetico durante la seduta Matrix-2-Point. Le informazioni aggiunte al campo energetico della persona saranno sempre in linea con il progetto della sua Anima. Nessuno dei miei lavori prescinde dal contatto con Essa.<\/p>\n<p>[\/vc_column_text][\/vc_column][vc_column width=&#8221;1\/2&#8243;]<div class=\"grve-element grve-image grve-align-center\" style=\"margin-bottom: 20px;\"><img loading=\"lazy\" decoding=\"async\" width=\"60\" height=\"46\" src=\"https:\/\/www.daianacampaini.com\/wp-content\/uploads\/2020\/08\/triskele-4.png\" class=\"attachment-full size-full\" alt=\"\" srcset=\"https:\/\/www.daianacampaini.com\/wp-content\/uploads\/2020\/08\/triskele-4.png 1x,https:\/\/www.daianacampaini.com\/wp-content\/uploads\/2020\/08\/triskele-4.png 2x\" \/><\/div>[vc_column_text css=&#8221;.vc_custom_1597428202490{margin-bottom: 20px !important;}&#8221;]<\/p>\n<h3 style=\"text-align: center;\">Come avviene il trattamento<\/h3>\n<p>[\/vc_column_text][vc_column_text]<\/p>\n<p style=\"text-align: justify;\">La seduta di Matrix-2-point si svolge in piedi, il ricevente si posiziona vicino al muro. Quello che il ricevente percepisce \u00e8 una spinta, a cui si suggerisce di non opporre resistenza. La spinta non viene da me, io avr\u00f2 soltanto due dita poggiate delicatamente sulla sua spalla. La spinta \u00e8 il risultato del \u201ccollassare dell\u2019onda\u201d, cio\u00e8 della differenza fra le due realt\u00e0 che ho collegato: la realt\u00e0 presente da cambiare e quella desiderata che vogliamo raggiungere.<br \/>\nTra una seduta e l&#8217;altra di\u00a0 Matrix consiglio vivamente di utilizzare un bouquet personalizzato di Fiori di Bach, risultante dalle dinamiche toccate durante la sessione di Matrix. I Fiori di Bach sostengono gradevolmente il lavoro su s\u00e9 stessi, insegnando a stare nell\u2019ascolto e nell\u2019accoglienza.<\/p>\n<p>[\/vc_column_text][\/vc_column][\/vc_row][vc_row padding_bottom=&#8221;0&#8243; margin_bottom=&#8221;0&#8243;][vc_column]<div class=\"grve-element grve-align-center\"><a class=\"grve-btn grve-btn-extrasmall grve-extra-round grve-bg-primary-1 grve-btn-line\" href=\"http:\/\/www.daianacampaini.com\/it\/contattami\/\" target=\"_self\" style=\"margin-bottom: 0px;\"><span>richiedi informazioni<\/span><\/a><\/div>[\/vc_column][\/vc_row][vc_row footer_feature=&#8221;yes&#8221; padding_bottom=&#8221;0&#8243; margin_bottom=&#8221;0&#8243; padding_top=&#8221;0&#8243;][vc_column]<div class=\"grve-element grve-image grve-align-center\" style=\"margin-bottom: 0px;\"><img loading=\"lazy\" decoding=\"async\" width=\"1298\" height=\"134\" src=\"https:\/\/www.daianacampaini.com\/wp-content\/uploads\/2020\/08\/backgroungleaves2.jpg\" class=\"attachment-full size-full\" alt=\"\" srcset=\"https:\/\/www.daianacampaini.com\/wp-content\/uploads\/2020\/08\/backgroungleaves2.jpg 1x,https:\/\/www.daianacampaini.com\/wp-content\/uploads\/2020\/08\/backgroungleaves2.jpg 2x\" \/><\/div>[\/vc_column][\/vc_row]<\/p>\n<\/div>","protected":false},"excerpt":{"rendered":"<p>[vc_row heading_color=&#8221;primary-1&#8243; header_feature=&#8221;yes&#8221; padding_top=&#8221;40&#8243; margin_bottom=&#8221;0&#8243;][vc_column][vc_column_text] Matrix-2-Point [\/vc_column_text][\/vc_column][\/vc_row][vc_row heading_color=&#8221;primary-1&#8243; margin_bottom=&#8221;0&#8243; padding_bottom=&#8221;40&#8243;][vc_column css=&#8221;.vc_custom_1597428961958{padding-right: 30px !important;}&#8221;][vc_column_text] Questa tecnica \u00e8 un\u2019applicazione pratica della fisica quantistica secondo la quale ogni realt\u00e0 pu\u00f2 essere descritta come energia o vibrazione perch\u00e9 tutto \u00e8 luce e informazione. Nel campo quantico collassa la vecchia realt\u00e0 e nuove possibilit\u00e0 si manifestano istantaneamente. Si tratta di [&hellip;]<\/p>\n","protected":false},"author":3,"featured_media":0,"parent":0,"menu_order":0,"comment_status":"closed","ping_status":"open","template":"","meta":{"footnotes":""},"class_list":["post-50","page","type-page","status-publish","hentry"],"yoast_head":"<!-- This site is optimized with the Yoast SEO plugin v27.4 - https:\/\/yoast.com\/product\/yoast-seo-wordpress\/ -->\n<title>Trattamenti MATRIX-2-POINT - Daiana Campaini Operatrice Olistica<\/title>\n<meta name=\"description\" content=\"Trattamenti MATRIX-2-POINT - Daiana Campaini Operatrice Olistica, professionista disciplinata ai sensi della Legge n. 4\/2013\" \/>\n<meta name=\"robots\" content=\"index, follow, max-snippet:-1, max-image-preview:large, max-video-preview:-1\" \/>\n<link rel=\"canonical\" href=\"https:\/\/www.daianacampaini.com\/it\/matrix-2-point\/\" \/>\n<meta property=\"og:locale\" content=\"it_IT\" \/>\n<meta property=\"og:type\" content=\"article\" \/>\n<meta property=\"og:title\" content=\"Trattamenti MATRIX-2-POINT - Daiana Campaini Operatrice Olistica\" \/>\n<meta property=\"og:description\" content=\"Trattamenti MATRIX-2-POINT - Daiana Campaini Operatrice Olistica, professionista disciplinata ai sensi della Legge n. 4\/2013\" \/>\n<meta property=\"og:url\" content=\"https:\/\/www.daianacampaini.com\/it\/matrix-2-point\/\" \/>\n<meta property=\"og:site_name\" content=\"Daiana Campaini\" \/>\n<meta property=\"article:publisher\" content=\"https:\/\/www.facebook.com\/daianacampainioperatriceolistica\" \/>\n<meta property=\"article:modified_time\" content=\"2020-10-03T07:28:47+00:00\" \/>\n<meta name=\"twitter:card\" content=\"summary_large_image\" \/>\n<meta name=\"twitter:label1\" content=\"Tempo di lettura stimato\" \/>\n\t<meta name=\"twitter:data1\" content=\"3 minuti\" \/>\n<script type=\"application\/ld+json\" class=\"yoast-schema-graph\">{\"@context\":\"https:\\\/\\\/schema.org\",\"@graph\":[{\"@type\":\"WebPage\",\"@id\":\"https:\\\/\\\/www.daianacampaini.com\\\/it\\\/matrix-2-point\\\/\",\"url\":\"https:\\\/\\\/www.daianacampaini.com\\\/it\\\/matrix-2-point\\\/\",\"name\":\"Trattamenti MATRIX-2-POINT - Daiana Campaini Operatrice Olistica\",\"isPartOf\":{\"@id\":\"https:\\\/\\\/www.daianacampaini.com\\\/it\\\/#website\"},\"datePublished\":\"2016-06-17T10:16:11+00:00\",\"dateModified\":\"2020-10-03T07:28:47+00:00\",\"description\":\"Trattamenti MATRIX-2-POINT - Daiana Campaini Operatrice Olistica, professionista disciplinata ai sensi della Legge n. 4\\\/2013\",\"breadcrumb\":{\"@id\":\"https:\\\/\\\/www.daianacampaini.com\\\/it\\\/matrix-2-point\\\/#breadcrumb\"},\"inLanguage\":\"it-IT\",\"potentialAction\":[{\"@type\":\"ReadAction\",\"target\":[\"https:\\\/\\\/www.daianacampaini.com\\\/it\\\/matrix-2-point\\\/\"]}]},{\"@type\":\"BreadcrumbList\",\"@id\":\"https:\\\/\\\/www.daianacampaini.com\\\/it\\\/matrix-2-point\\\/#breadcrumb\",\"itemListElement\":[{\"@type\":\"ListItem\",\"position\":1,\"name\":\"Home\",\"item\":\"https:\\\/\\\/www.daianacampaini.com\\\/it\\\/\"},{\"@type\":\"ListItem\",\"position\":2,\"name\":\"Matrix-2-Point\"}]},{\"@type\":\"WebSite\",\"@id\":\"https:\\\/\\\/www.daianacampaini.com\\\/it\\\/#website\",\"url\":\"https:\\\/\\\/www.daianacampaini.com\\\/it\\\/\",\"name\":\"Daiana Campaini\",\"description\":\"Operatrice Olistica\",\"potentialAction\":[{\"@type\":\"SearchAction\",\"target\":{\"@type\":\"EntryPoint\",\"urlTemplate\":\"https:\\\/\\\/www.daianacampaini.com\\\/it\\\/?s={search_term_string}\"},\"query-input\":{\"@type\":\"PropertyValueSpecification\",\"valueRequired\":true,\"valueName\":\"search_term_string\"}}],\"inLanguage\":\"it-IT\"}]}<\/script>\n<!-- \/ Yoast SEO plugin. -->","yoast_head_json":{"title":"Trattamenti MATRIX-2-POINT - Daiana Campaini Operatrice Olistica","description":"Trattamenti MATRIX-2-POINT - Daiana Campaini Operatrice Olistica, professionista disciplinata ai sensi della Legge n. 4\/2013","robots":{"index":"index","follow":"follow","max-snippet":"max-snippet:-1","max-image-preview":"max-image-preview:large","max-video-preview":"max-video-preview:-1"},"canonical":"https:\/\/www.daianacampaini.com\/it\/matrix-2-point\/","og_locale":"it_IT","og_type":"article","og_title":"Trattamenti MATRIX-2-POINT - Daiana Campaini Operatrice Olistica","og_description":"Trattamenti MATRIX-2-POINT - Daiana Campaini Operatrice Olistica, professionista disciplinata ai sensi della Legge n. 4\/2013","og_url":"https:\/\/www.daianacampaini.com\/it\/matrix-2-point\/","og_site_name":"Daiana Campaini","article_publisher":"https:\/\/www.facebook.com\/daianacampainioperatriceolistica","article_modified_time":"2020-10-03T07:28:47+00:00","twitter_card":"summary_large_image","twitter_misc":{"Tempo di lettura stimato":"3 minuti"},"schema":{"@context":"https:\/\/schema.org","@graph":[{"@type":"WebPage","@id":"https:\/\/www.daianacampaini.com\/it\/matrix-2-point\/","url":"https:\/\/www.daianacampaini.com\/it\/matrix-2-point\/","name":"Trattamenti MATRIX-2-POINT - Daiana Campaini Operatrice Olistica","isPartOf":{"@id":"https:\/\/www.daianacampaini.com\/it\/#website"},"datePublished":"2016-06-17T10:16:11+00:00","dateModified":"2020-10-03T07:28:47+00:00","description":"Trattamenti MATRIX-2-POINT - Daiana Campaini Operatrice Olistica, professionista disciplinata ai sensi della Legge n. 4\/2013","breadcrumb":{"@id":"https:\/\/www.daianacampaini.com\/it\/matrix-2-point\/#breadcrumb"},"inLanguage":"it-IT","potentialAction":[{"@type":"ReadAction","target":["https:\/\/www.daianacampaini.com\/it\/matrix-2-point\/"]}]},{"@type":"BreadcrumbList","@id":"https:\/\/www.daianacampaini.com\/it\/matrix-2-point\/#breadcrumb","itemListElement":[{"@type":"ListItem","position":1,"name":"Home","item":"https:\/\/www.daianacampaini.com\/it\/"},{"@type":"ListItem","position":2,"name":"Matrix-2-Point"}]},{"@type":"WebSite","@id":"https:\/\/www.daianacampaini.com\/it\/#website","url":"https:\/\/www.daianacampaini.com\/it\/","name":"Daiana Campaini","description":"Operatrice Olistica","potentialAction":[{"@type":"SearchAction","target":{"@type":"EntryPoint","urlTemplate":"https:\/\/www.daianacampaini.com\/it\/?s={search_term_string}"},"query-input":{"@type":"PropertyValueSpecification","valueRequired":true,"valueName":"search_term_string"}}],"inLanguage":"it-IT"}]}},"_links":{"self":[{"href":"https:\/\/www.daianacampaini.com\/it\/wp-json\/wp\/v2\/pages\/50","targetHints":{"allow":["GET"]}}],"collection":[{"href":"https:\/\/www.daianacampaini.com\/it\/wp-json\/wp\/v2\/pages"}],"about":[{"href":"https:\/\/www.daianacampaini.com\/it\/wp-json\/wp\/v2\/types\/page"}],"author":[{"embeddable":true,"href":"https:\/\/www.daianacampaini.com\/it\/wp-json\/wp\/v2\/users\/3"}],"replies":[{"embeddable":true,"href":"https:\/\/www.daianacampaini.com\/it\/wp-json\/wp\/v2\/comments?post=50"}],"version-history":[{"count":87,"href":"https:\/\/www.daianacampaini.com\/it\/wp-json\/wp\/v2\/pages\/50\/revisions"}],"predecessor-version":[{"id":1928,"href":"https:\/\/www.daianacampaini.com\/it\/wp-json\/wp\/v2\/pages\/50\/revisions\/1928"}],"wp:attachment":[{"href":"https:\/\/www.daianacampaini.com\/it\/wp-json\/wp\/v2\/media?parent=50"}],"curies":[{"name":"wp","href":"https:\/\/api.w.org\/{rel}","templated":true}]}}