{"id":65,"date":"2016-06-17T15:00:15","date_gmt":"2016-06-17T13:00:15","guid":{"rendered":"http:\/\/www.daianacampaini.com\/?page_id=65"},"modified":"2023-08-04T08:07:40","modified_gmt":"2023-08-04T06:07:40","slug":"per-conosceri-meglio","status":"publish","type":"page","link":"https:\/\/www.daianacampaini.com\/it\/per-conosceri-meglio\/","title":{"rendered":"Chi sono"},"content":{"rendered":"<div class=\"wpb-content-wrapper\"><p>[vc_row heading_color=&#8221;primary-1&#8243; flex_height=&#8221;yes&#8221; header_feature=&#8221;yes&#8221; padding_top=&#8221;40&#8243; padding_bottom=&#8221;20&#8243; margin_bottom=&#8221;0&#8243;][vc_column]<div class=\"grve-element grve-image grve-align-center\" style=\"margin-bottom: 20px;\"><img loading=\"lazy\" decoding=\"async\" width=\"60\" height=\"46\" src=\"https:\/\/www.daianacampaini.com\/wp-content\/uploads\/2020\/08\/triskele-4.png\" class=\"attachment-full size-full\" alt=\"\" srcset=\"https:\/\/www.daianacampaini.com\/wp-content\/uploads\/2020\/08\/triskele-4.png 1x,https:\/\/www.daianacampaini.com\/wp-content\/uploads\/2020\/08\/triskele-4.png 2x\" \/><\/div>[vc_column_text]<\/p>\n<h3 style=\"text-align: center;\">Chi sono<\/h3>\n<p>[\/vc_column_text][\/vc_column][\/vc_row][vc_row heading_color=&#8221;primary-1&#8243; flex_height=&#8221;yes&#8221; padding_top=&#8221;0&#8243; padding_bottom=&#8221;50&#8243;][vc_column width=&#8221;1\/2&#8243;]<div class=\"grve-element grve-image grve-align-center\" style=\"\"><img loading=\"lazy\" decoding=\"async\" width=\"1000\" height=\"1271\" src=\"https:\/\/www.daianacampaini.com\/wp-content\/uploads\/2023\/08\/Daiana-Campaini-Therapeute-energetique-menton-canaliser.jpg\" class=\"attachment-full size-full\" alt=\"\" srcset=\"https:\/\/www.daianacampaini.com\/wp-content\/uploads\/2023\/08\/Daiana-Campaini-Therapeute-energetique-menton-canaliser.jpg 1x,https:\/\/www.daianacampaini.com\/wp-content\/uploads\/2023\/08\/Daiana-Campaini-Therapeute-energetique-menton-canaliser.jpg 2x\" \/><\/div>[\/vc_column][vc_column width=&#8221;1\/2&#8243;][vc_column_text]Ho iniziato il mio percorso olistico a Firenze nel 2008 col primo livello di Reiki, poi, nel 2013 sono diventata <strong>Master Reiki<\/strong> e mi sono diplomata in varie discipline \u2013 <strong>meditazione<\/strong>, <strong>aromaterapia<\/strong>, <strong>Fiori di Bach<\/strong>, <strong>cristalloterapia<\/strong> \u2013 e, nel 2015, son diventata <strong>user Matrix-2-point<\/strong>. Nel tempo\u00a0 ho acquisito nuove conoscenze e mi \u00e8 stata donata la <strong>capacit\u00e0 di muovere le energie<\/strong> e\u00a0 vedere ed <strong>interagire sempre pi\u00f9 col mondo invisibile<\/strong>, tanto da <strong>ricevere messaggi dal Cielo<\/strong>. Nel 2023 ho frequentato un <strong>c<\/strong>orso di<strong> Channeling<\/strong> per affinare le mie percezioni e la mia capacit\u00e0 di dialogo col Cielo. Uso gli strumenti che si evolvono in me con l\u2019unico obiettivo di <strong>riconnettere il Cielo e la Terra dentro di noi<\/strong>.<br \/>\nCon le sedute di Channeling risveglio le persone al legame che le connette alle loro Guide, agli Angeli ed ai Maestri e, attraverso i trattamenti,\u00a0 riattivo le connessioni fra il corpo e l\u2019Anima. Durante i trattamenti ho accesso a visioni ed informazioni strettamente funzionali al tipo di lavoro da svolgere, <strong>lascio che sia l\u2019Anima del ricevente a spiegarmi come riconnetterla alla \u201cSua personalit\u00e0\u201d<\/strong>.<br \/>\nA riconnessione avvenuta, qualunque sia stato lo strumento utilizzato, vedrete la vostra vita quotidiana arricchirsi di segnali e messaggi che potrete seguire in tutta autonomia.<br \/>\nCamminare leggendo i segnali senza sentirsi mai pi\u00f9 soli sar\u00e0 bellissimo; essere sempre pi\u00f9 in connessione ed in Armonia col Tutto sar\u00e0 bellissimo!<br \/>\n<strong>Professionista disciplinata ai sensi della Legge n. 4\/2013 <\/strong>[\/vc_column_text][\/vc_column][\/vc_row][vc_row heading_color=&#8221;primary-1&#8243; flex_height=&#8221;yes&#8221; middle_content=&#8221;yes&#8221; bg_type=&#8221;color&#8221; footer_feature=&#8221;yes&#8221; padding_top=&#8221;50&#8243; padding_bottom=&#8221;70&#8243; bg_color=&#8221;#f8f9f6&#8243; margin_bottom=&#8221;0&#8243;][vc_column]<div class=\"grve-element grve-image grve-align-center\" style=\"margin-bottom: 20px;\"><img loading=\"lazy\" decoding=\"async\" width=\"60\" height=\"46\" src=\"https:\/\/www.daianacampaini.com\/wp-content\/uploads\/2020\/08\/triskele-beige.png\" class=\"attachment-full size-full\" alt=\"\" srcset=\"https:\/\/www.daianacampaini.com\/wp-content\/uploads\/2020\/08\/triskele-beige.png 1x,https:\/\/www.daianacampaini.com\/wp-content\/uploads\/2020\/08\/triskele-beige.png 2x\" \/><\/div>[vc_column_text]<\/p>\n<h3 style=\"text-align: center;\">Conosciamoci meglio&#8230;<\/h3>\n<p>[\/vc_column_text][vc_column_text css=&#8221;.vc_custom_1690530905808{margin-bottom: 34px !important;}&#8221;]<\/p>\n<p style=\"text-align: center;\">Quando vengo contattata di solito succede cosi:<br \/>\n<em>\u201cCiao, sono\u2026, ho avuto il tuo numero da un\u2019amica. La mia situazione \u00e8 la seguente\u2026 Pensi che si possa fare qualcosa?\u201d<\/em><br \/>\n<em>\u201cCerto!\u201d rispondo io<\/em><br \/>\n<em>\u201cAh, ok e allora\u2026. come facciamo?!\u201d<\/em><\/p>\n<p>A questo primo contatto segue un appuntamento (in studio o a distanza). La &#8220;Visione&#8221; mi permette di riconoscere le risorse della persona e i progetti che la sua Anima ha per questa vita . Per il periodo che sar\u00e0 necessario, sar\u00f2 al vostro fianco, ma attenzione: non sar\u00f2 io a dover vincere la partita con voi stessi. A me il compito di sostenervi con tutti gli strumenti a disposizione, a voi l\u2019impegno e l\u2019onore di traghettare voi stessi verso la Felicit\u00e0. Non sar\u00e0 sempre un viaggio semplice, ma getterete le basi per una lunga e proficua storia d\u2019Amore con voi stessi, l\u2019unica in grado di cambiare radicalmente in meglio voi e il mondo attorno.[\/vc_column_text]<div class=\"grve-element grve-align-center\"><a class=\"grve-btn grve-btn-extrasmall grve-extra-round grve-bg-primary-2 grve-btn-line\" href=\"http:\/\/www.daianacampaini.com\/it\/contattami\/\" target=\"_self\" style=\"\"><span>Scrivimi<\/span><\/a><\/div>[\/vc_column][\/vc_row]<\/p>\n<\/div>","protected":false},"excerpt":{"rendered":"<p>[vc_row heading_color=&#8221;primary-1&#8243; flex_height=&#8221;yes&#8221; header_feature=&#8221;yes&#8221; padding_top=&#8221;40&#8243; padding_bottom=&#8221;20&#8243; margin_bottom=&#8221;0&#8243;][vc_column][vc_column_text] Chi sono [\/vc_column_text][\/vc_column][\/vc_row][vc_row heading_color=&#8221;primary-1&#8243; flex_height=&#8221;yes&#8221; padding_top=&#8221;0&#8243; padding_bottom=&#8221;50&#8243;][vc_column width=&#8221;1\/2&#8243;][\/vc_column][vc_column width=&#8221;1\/2&#8243;][vc_column_text]Ho iniziato il mio percorso olistico a Firenze nel 2008 col primo livello di Reiki, poi, nel 2013 sono diventata Master Reiki e mi sono diplomata in varie discipline \u2013 meditazione, aromaterapia, Fiori di Bach, cristalloterapia \u2013 e, nel 2015, [&hellip;]<\/p>\n","protected":false},"author":3,"featured_media":0,"parent":0,"menu_order":0,"comment_status":"closed","ping_status":"open","template":"","meta":{"footnotes":""},"class_list":["post-65","page","type-page","status-publish","hentry"],"yoast_head":"<!-- This site is optimized with the Yoast SEO plugin v27.4 - https:\/\/yoast.com\/product\/yoast-seo-wordpress\/ -->\n<title>Chi sono - Daiana Campaini Operatrice Olistica, Principato di Monaco<\/title>\n<meta name=\"description\" content=\"Daiana campaini \u00e8 operatroice olistica, professionista disciplinata ai sensi della Legge n. 4\/2013. Effettua trattamenti reiki, Matrix-2-Points...\" \/>\n<meta name=\"robots\" content=\"index, follow, max-snippet:-1, max-image-preview:large, max-video-preview:-1\" \/>\n<link rel=\"canonical\" href=\"https:\/\/www.daianacampaini.com\/it\/per-conosceri-meglio\/\" \/>\n<meta property=\"og:locale\" content=\"it_IT\" \/>\n<meta property=\"og:type\" content=\"article\" \/>\n<meta property=\"og:title\" content=\"Chi sono - Daiana Campaini Operatrice Olistica, Principato di Monaco\" \/>\n<meta property=\"og:description\" content=\"Daiana campaini \u00e8 operatroice olistica, professionista disciplinata ai sensi della Legge n. 4\/2013. Effettua trattamenti reiki, Matrix-2-Points...\" \/>\n<meta property=\"og:url\" content=\"https:\/\/www.daianacampaini.com\/it\/per-conosceri-meglio\/\" \/>\n<meta property=\"og:site_name\" content=\"Daiana Campaini\" \/>\n<meta property=\"article:publisher\" content=\"https:\/\/www.facebook.com\/daianacampainioperatriceolistica\" \/>\n<meta property=\"article:modified_time\" content=\"2023-08-04T06:07:40+00:00\" \/>\n<meta name=\"twitter:card\" content=\"summary_large_image\" \/>\n<meta name=\"twitter:label1\" content=\"Tempo di lettura stimato\" \/>\n\t<meta name=\"twitter:data1\" content=\"3 minuti\" \/>\n<script type=\"application\/ld+json\" class=\"yoast-schema-graph\">{\"@context\":\"https:\\\/\\\/schema.org\",\"@graph\":[{\"@type\":\"WebPage\",\"@id\":\"https:\\\/\\\/www.daianacampaini.com\\\/it\\\/per-conosceri-meglio\\\/\",\"url\":\"https:\\\/\\\/www.daianacampaini.com\\\/it\\\/per-conosceri-meglio\\\/\",\"name\":\"Chi sono - Daiana Campaini Operatrice Olistica, Principato di Monaco\",\"isPartOf\":{\"@id\":\"https:\\\/\\\/www.daianacampaini.com\\\/it\\\/#website\"},\"datePublished\":\"2016-06-17T13:00:15+00:00\",\"dateModified\":\"2023-08-04T06:07:40+00:00\",\"description\":\"Daiana campaini \u00e8 operatroice olistica, professionista disciplinata ai sensi della Legge n. 4\\\/2013. Effettua trattamenti reiki, Matrix-2-Points...\",\"breadcrumb\":{\"@id\":\"https:\\\/\\\/www.daianacampaini.com\\\/it\\\/per-conosceri-meglio\\\/#breadcrumb\"},\"inLanguage\":\"it-IT\",\"potentialAction\":[{\"@type\":\"ReadAction\",\"target\":[\"https:\\\/\\\/www.daianacampaini.com\\\/it\\\/per-conosceri-meglio\\\/\"]}]},{\"@type\":\"BreadcrumbList\",\"@id\":\"https:\\\/\\\/www.daianacampaini.com\\\/it\\\/per-conosceri-meglio\\\/#breadcrumb\",\"itemListElement\":[{\"@type\":\"ListItem\",\"position\":1,\"name\":\"Home\",\"item\":\"https:\\\/\\\/www.daianacampaini.com\\\/it\\\/\"},{\"@type\":\"ListItem\",\"position\":2,\"name\":\"Chi sono\"}]},{\"@type\":\"WebSite\",\"@id\":\"https:\\\/\\\/www.daianacampaini.com\\\/it\\\/#website\",\"url\":\"https:\\\/\\\/www.daianacampaini.com\\\/it\\\/\",\"name\":\"Daiana Campaini\",\"description\":\"Operatrice Olistica\",\"potentialAction\":[{\"@type\":\"SearchAction\",\"target\":{\"@type\":\"EntryPoint\",\"urlTemplate\":\"https:\\\/\\\/www.daianacampaini.com\\\/it\\\/?s={search_term_string}\"},\"query-input\":{\"@type\":\"PropertyValueSpecification\",\"valueRequired\":true,\"valueName\":\"search_term_string\"}}],\"inLanguage\":\"it-IT\"}]}<\/script>\n<!-- \/ Yoast SEO plugin. -->","yoast_head_json":{"title":"Chi sono - Daiana Campaini Operatrice Olistica, Principato di Monaco","description":"Daiana campaini \u00e8 operatroice olistica, professionista disciplinata ai sensi della Legge n. 4\/2013. Effettua trattamenti reiki, Matrix-2-Points...","robots":{"index":"index","follow":"follow","max-snippet":"max-snippet:-1","max-image-preview":"max-image-preview:large","max-video-preview":"max-video-preview:-1"},"canonical":"https:\/\/www.daianacampaini.com\/it\/per-conosceri-meglio\/","og_locale":"it_IT","og_type":"article","og_title":"Chi sono - Daiana Campaini Operatrice Olistica, Principato di Monaco","og_description":"Daiana campaini \u00e8 operatroice olistica, professionista disciplinata ai sensi della Legge n. 4\/2013. Effettua trattamenti reiki, Matrix-2-Points...","og_url":"https:\/\/www.daianacampaini.com\/it\/per-conosceri-meglio\/","og_site_name":"Daiana Campaini","article_publisher":"https:\/\/www.facebook.com\/daianacampainioperatriceolistica","article_modified_time":"2023-08-04T06:07:40+00:00","twitter_card":"summary_large_image","twitter_misc":{"Tempo di lettura stimato":"3 minuti"},"schema":{"@context":"https:\/\/schema.org","@graph":[{"@type":"WebPage","@id":"https:\/\/www.daianacampaini.com\/it\/per-conosceri-meglio\/","url":"https:\/\/www.daianacampaini.com\/it\/per-conosceri-meglio\/","name":"Chi sono - Daiana Campaini Operatrice Olistica, Principato di Monaco","isPartOf":{"@id":"https:\/\/www.daianacampaini.com\/it\/#website"},"datePublished":"2016-06-17T13:00:15+00:00","dateModified":"2023-08-04T06:07:40+00:00","description":"Daiana campaini \u00e8 operatroice olistica, professionista disciplinata ai sensi della Legge n. 4\/2013. Effettua trattamenti reiki, Matrix-2-Points...","breadcrumb":{"@id":"https:\/\/www.daianacampaini.com\/it\/per-conosceri-meglio\/#breadcrumb"},"inLanguage":"it-IT","potentialAction":[{"@type":"ReadAction","target":["https:\/\/www.daianacampaini.com\/it\/per-conosceri-meglio\/"]}]},{"@type":"BreadcrumbList","@id":"https:\/\/www.daianacampaini.com\/it\/per-conosceri-meglio\/#breadcrumb","itemListElement":[{"@type":"ListItem","position":1,"name":"Home","item":"https:\/\/www.daianacampaini.com\/it\/"},{"@type":"ListItem","position":2,"name":"Chi sono"}]},{"@type":"WebSite","@id":"https:\/\/www.daianacampaini.com\/it\/#website","url":"https:\/\/www.daianacampaini.com\/it\/","name":"Daiana Campaini","description":"Operatrice Olistica","potentialAction":[{"@type":"SearchAction","target":{"@type":"EntryPoint","urlTemplate":"https:\/\/www.daianacampaini.com\/it\/?s={search_term_string}"},"query-input":{"@type":"PropertyValueSpecification","valueRequired":true,"valueName":"search_term_string"}}],"inLanguage":"it-IT"}]}},"_links":{"self":[{"href":"https:\/\/www.daianacampaini.com\/it\/wp-json\/wp\/v2\/pages\/65","targetHints":{"allow":["GET"]}}],"collection":[{"href":"https:\/\/www.daianacampaini.com\/it\/wp-json\/wp\/v2\/pages"}],"about":[{"href":"https:\/\/www.daianacampaini.com\/it\/wp-json\/wp\/v2\/types\/page"}],"author":[{"embeddable":true,"href":"https:\/\/www.daianacampaini.com\/it\/wp-json\/wp\/v2\/users\/3"}],"replies":[{"embeddable":true,"href":"https:\/\/www.daianacampaini.com\/it\/wp-json\/wp\/v2\/comments?post=65"}],"version-history":[{"count":83,"href":"https:\/\/www.daianacampaini.com\/it\/wp-json\/wp\/v2\/pages\/65\/revisions"}],"predecessor-version":[{"id":2764,"href":"https:\/\/www.daianacampaini.com\/it\/wp-json\/wp\/v2\/pages\/65\/revisions\/2764"}],"wp:attachment":[{"href":"https:\/\/www.daianacampaini.com\/it\/wp-json\/wp\/v2\/media?parent=65"}],"curies":[{"name":"wp","href":"https:\/\/api.w.org\/{rel}","templated":true}]}}